{"id":3753,"date":"2023-03-28T15:50:59","date_gmt":"2023-03-28T13:50:59","guid":{"rendered":"https:\/\/ndatasystems.com\/?post_type=product&#038;p=3753"},"modified":"2023-03-28T16:01:54","modified_gmt":"2023-03-28T14:01:54","slug":"ezcast-pro-box-ii","status":"publish","type":"product","link":"https:\/\/ndatasystems.com\/es\/tienda\/electronica-es\/ezcast-pro-box-ii\/","title":{"rendered":"EZCast Pro Box II"},"content":{"rendered":"<ul>\n<li><strong>Resoluci\u00f3n 4K<\/strong><\/li>\n<li>Capacidad de proyecci\u00f3n multipantalla con <strong><a href=\"https:\/\/ezcast-pro.com\/download\/\">app EZCast Pro<\/a><\/strong><\/li>\n<li>Conectividad Ethernet<\/li>\n<li>5 GHz Wi-Fi<\/li>\n<li>Hasta 4 pantallas a la vez<\/li>\n<li>PoE<\/li>\n<li>Administrador de presentaci\u00f3n de dispositivos<\/li>\n<li>C\u00f3digo de seguridad para presentaci\u00f3n<\/li>\n<li>Anotaciones en tiempo real con <strong><a href=\"https:\/\/ezcast-pro.com\/download\/\">EZCast Pro app<\/a><\/strong><\/li>\n<li>Compatible con Windows, macOS, iOS y Android<\/li>\n<\/ul>\n","protected":false},"excerpt":{"rendered":"<p>Sistema de presentaci\u00f3n de pantallas colaborativa y BYOD. Compatible con macOS, Windows, iOS y Android y definici\u00f3n 4K. Ideal para salas de reuniones y aulas educativas. <strong><a href=\"https:\/\/ndatasystems.com\/ezcast-pro\">Descubre m\u00e1s sobre EZCast Pro<\/a><\/strong><\/p>\n","protected":false},"featured_media":3754,"comment_status":"open","ping_status":"closed","template":"","meta":{"_joinchat":[]},"product_brand":[],"product_cat":[67],"product_tag":[],"class_list":{"0":"post-3753","1":"product","2":"type-product","3":"status-publish","4":"has-post-thumbnail","6":"product_cat-electronica-es","8":"first","9":"instock","10":"taxable","11":"shipping-taxable","12":"purchasable","13":"product-type-simple"},"yoast_head":"<!-- This site is optimized with the Yoast SEO Premium plugin v14.9 - https:\/\/yoast.com\/wordpress\/plugins\/seo\/ -->\n<title>EZCast Pro Box II presentaci\u00f3n colaborativa - nData Systems<\/title>\n<meta name=\"description\" content=\"Sistema de presentaci\u00f3n sin cables BYOD y 4K. Ideal para salas de reuniones y aulas educativas. Conexi\u00f3n a trav\u00e9s de ethernet y WIFI.\" \/>\n<meta name=\"robots\" content=\"index, follow, max-snippet:-1, max-image-preview:large, max-video-preview:-1\" \/>\n<link rel=\"canonical\" href=\"https:\/\/ndatasystems.com\/es\/tienda\/electronica-es\/ezcast-pro-box-ii\/\" \/>\n<meta property=\"og:locale\" content=\"es_ES\" \/>\n<meta property=\"og:type\" content=\"article\" \/>\n<meta property=\"og:title\" content=\"EZCast Pro Box II presentaci\u00f3n colaborativa - nData Systems\" \/>\n<meta property=\"og:description\" content=\"Sistema de presentaci\u00f3n sin cables BYOD y 4K. Ideal para salas de reuniones y aulas educativas. Conexi\u00f3n a trav\u00e9s de ethernet y WIFI.\" \/>\n<meta property=\"og:url\" content=\"https:\/\/ndatasystems.com\/es\/tienda\/electronica-es\/ezcast-pro-box-ii\/\" \/>\n<meta property=\"og:site_name\" content=\"nData Systems\" \/>\n<meta property=\"article:modified_time\" content=\"2023-03-28T14:01:54+00:00\" \/>\n<meta property=\"og:image\" content=\"https:\/\/ndatasystems.com\/wp-content\/uploads\/2023\/03\/81xvSjIBLL._AC_UF10001000_QL80_.jpg\" \/>\n\t<meta property=\"og:image:width\" content=\"926\" \/>\n\t<meta property=\"og:image:height\" content=\"1000\" \/>\n<script type=\"application\/ld+json\" class=\"yoast-schema-graph\">{\"@context\":\"https:\/\/schema.org\",\"@graph\":[{\"@type\":\"Organization\",\"@id\":\"https:\/\/ndatasystems.com\/es\/#organization\",\"name\":\"nData Systems\",\"url\":\"https:\/\/ndatasystems.com\/es\/\",\"sameAs\":[\"https:\/\/instagram.com\/ndatasystems\",\"https:\/\/twitter.com\/ndatasys\"],\"logo\":{\"@type\":\"ImageObject\",\"@id\":\"https:\/\/ndatasystems.com\/es\/#logo\",\"inLanguage\":\"es\",\"url\":\"https:\/\/ndatasystems.com\/wp-content\/uploads\/2020\/04\/Recurso-1nDataLogoWeb.png\",\"width\":152,\"height\":81,\"caption\":\"nData Systems\"},\"image\":{\"@id\":\"https:\/\/ndatasystems.com\/es\/#logo\"}},{\"@type\":\"WebSite\",\"@id\":\"https:\/\/ndatasystems.com\/es\/#website\",\"url\":\"https:\/\/ndatasystems.com\/es\/\",\"name\":\"nData Systems\",\"description\":\"Tu mejor partner tecnol\\u00f3gico en Barcelona\",\"publisher\":{\"@id\":\"https:\/\/ndatasystems.com\/es\/#organization\"},\"potentialAction\":[{\"@type\":\"SearchAction\",\"target\":\"https:\/\/ndatasystems.com\/es\/?s={search_term_string}\",\"query-input\":\"required name=search_term_string\"}],\"inLanguage\":\"es\"},{\"@type\":\"ImageObject\",\"@id\":\"https:\/\/ndatasystems.com\/es\/tienda\/electronica-es\/ezcast-pro-box-ii\/#primaryimage\",\"inLanguage\":\"es\",\"url\":\"https:\/\/ndatasystems.com\/wp-content\/uploads\/2023\/03\/81xvSjIBLL._AC_UF10001000_QL80_.jpg\",\"width\":926,\"height\":1000},{\"@type\":\"WebPage\",\"@id\":\"https:\/\/ndatasystems.com\/es\/tienda\/electronica-es\/ezcast-pro-box-ii\/#webpage\",\"url\":\"https:\/\/ndatasystems.com\/es\/tienda\/electronica-es\/ezcast-pro-box-ii\/\",\"name\":\"EZCast Pro Box II presentaci\\u00f3n colaborativa - nData Systems\",\"isPartOf\":{\"@id\":\"https:\/\/ndatasystems.com\/es\/#website\"},\"primaryImageOfPage\":{\"@id\":\"https:\/\/ndatasystems.com\/es\/tienda\/electronica-es\/ezcast-pro-box-ii\/#primaryimage\"},\"datePublished\":\"2023-03-28T13:50:59+00:00\",\"dateModified\":\"2023-03-28T14:01:54+00:00\",\"description\":\"Sistema de presentaci\\u00f3n sin cables BYOD y 4K. Ideal para salas de reuniones y aulas educativas. Conexi\\u00f3n a trav\\u00e9s de ethernet y WIFI.\",\"inLanguage\":\"es\",\"potentialAction\":[{\"@type\":\"ReadAction\",\"target\":[\"https:\/\/ndatasystems.com\/es\/tienda\/electronica-es\/ezcast-pro-box-ii\/\"]}]}]}<\/script>\n<!-- \/ Yoast SEO Premium plugin. -->","_links":{"self":[{"href":"https:\/\/ndatasystems.com\/es\/wp-json\/wp\/v2\/product\/3753","targetHints":{"allow":["GET"]}}],"collection":[{"href":"https:\/\/ndatasystems.com\/es\/wp-json\/wp\/v2\/product"}],"about":[{"href":"https:\/\/ndatasystems.com\/es\/wp-json\/wp\/v2\/types\/product"}],"replies":[{"embeddable":true,"href":"https:\/\/ndatasystems.com\/es\/wp-json\/wp\/v2\/comments?post=3753"}],"wp:featuredmedia":[{"embeddable":true,"href":"https:\/\/ndatasystems.com\/es\/wp-json\/wp\/v2\/media\/3754"}],"wp:attachment":[{"href":"https:\/\/ndatasystems.com\/es\/wp-json\/wp\/v2\/media?parent=3753"}],"wp:term":[{"taxonomy":"product_brand","embeddable":true,"href":"https:\/\/ndatasystems.com\/es\/wp-json\/wp\/v2\/product_brand?post=3753"},{"taxonomy":"product_cat","embeddable":true,"href":"https:\/\/ndatasystems.com\/es\/wp-json\/wp\/v2\/product_cat?post=3753"},{"taxonomy":"product_tag","embeddable":true,"href":"https:\/\/ndatasystems.com\/es\/wp-json\/wp\/v2\/product_tag?post=3753"}],"curies":[{"name":"wp","href":"https:\/\/api.w.org\/{rel}","templated":true}]}}