{"id":2725,"date":"2021-05-15T20:11:53","date_gmt":"2021-05-15T18:11:53","guid":{"rendered":"https:\/\/ndatasystems.com\/?post_type=product&#038;p=2725"},"modified":"2025-05-22T17:57:16","modified_gmt":"2025-05-22T15:57:16","slug":"portatil-educacio-acer-travelmate-tmb311-33","status":"publish","type":"product","link":"https:\/\/ndatasystems.com\/es\/tienda\/edu\/portatil-educacio-acer-travelmate-tmb311-33\/","title":{"rendered":"Port\u00e0til Educaci\u00f3 Acer TravelMate TMB311-33"},"content":{"rendered":"<p>&nbsp;<\/p>\n<table>\n<tbody>\n<tr>\n<td><b>MODELO<\/b><\/td>\n<td><strong>TMB311-33<\/strong><\/td>\n<\/tr>\n<tr>\n<td><b>FORMA<\/b><\/td>\n<td><span style=\"font-weight: 400;\">Clamshell<\/span><\/td>\n<\/tr>\n<tr>\n<td><\/td>\n<td><\/td>\n<\/tr>\n<tr>\n<td><b>SISTEMA OPERATIVO<\/b><\/td>\n<td><span style=\"font-weight: 400;\">Windows 10\/11 Pro<\/span><\/td>\n<\/tr>\n<tr>\n<td><b>PANTALLA<\/b><\/td>\n<td><span style=\"font-weight: 400;\">11,6\u201d HD<\/span><\/td>\n<\/tr>\n<tr>\n<td><b>PROCESADOR<\/b><\/td>\n<td><span style=\"font-weight: 400;\">Intel<\/span><span style=\"font-weight: 400;\">\u00ae<\/span><span style=\"font-weight: 400;\"> Celeron QuadCore N100<\/span><\/td>\n<\/tr>\n<tr>\n<td><b>MEMORIA<\/b><\/td>\n<td><span style=\"font-weight: 400;\">Almacenamiento 128 GB SSD<\/span><\/p>\n<p><span style=\"font-weight: 400;\">4 GB de memoria de sistema DDR4<\/span><\/td>\n<\/tr>\n<tr>\n<td><b>AUTONOM\u00cdA<\/b><\/td>\n<td><span style=\"font-weight: 400;\">Hasta 9,5 horas<\/span><\/td>\n<\/tr>\n<tr>\n<td><b>C\u00c1MARA<\/b><\/td>\n<td><span style=\"font-weight: 400;\">Webcam frontal HD con tapac\u00e1mara<\/span><\/td>\n<\/tr>\n<tr>\n<td><b>CONECTIVIDAD<\/b><\/td>\n<td><span style=\"font-weight: 400;\">Wi-Fi 6 (802.11ax) \u00a0 \u00a0 \u00a0 \u00a0 \u00a0 \u00a0 \u00a0 Bluetooth<\/span><span style=\"font-weight: 400;\">\u00ae<\/span><span style=\"font-weight: 400;\"> 5.1<\/span><\/p>\n<p><span style=\"font-weight: 400;\">LTE opcional<\/span><\/td>\n<\/tr>\n<tr>\n<td><b>PUERTOS I\/O<\/b><\/td>\n<td><span style=\"font-weight: 400;\">1x USB 3.2 Tipo C<\/span><span style=\"font-weight: 400;\">TM <\/span><span style=\"font-weight: 400;\">(datos, pantalla, energ\u00eda)<\/span><\/p>\n<p><span style=\"font-weight: 400;\">2x puertos USB 3.2<\/span><\/p>\n<p><span style=\"font-weight: 400;\">Puerto HDMI<\/span><\/p>\n<p><span style=\"font-weight: 400;\">Puerto Ethernet (RJ-45)<\/span><\/td>\n<\/tr>\n<\/tbody>\n<\/table>\n","protected":false},"excerpt":{"rendered":"<p>Port\u00e0til Acer TravelMate B311-33 model recomanat per a l&#8217;\u00fas educatiu.<\/p>\n<p>\u00c9s molt recomanable complementar el dispositiu amb una asseguran\u00e7a de danys accidentals. Tamb\u00e9 hi podeu incloure la funda, el ratol\u00ed i uns auriculars amb micr\u00f2fon per a les videoconfer\u00e8ncies.<\/p>\n<p><img loading=\"lazy\" decoding=\"async\" class=\"alignnone size-full wp-image-3533\" src=\"https:\/\/ndatasystems.com\/wp-content\/uploads\/2021\/05\/Caracteristiques.jpg\" alt=\"\" width=\"604\" height=\"167\" srcset=\"https:\/\/ndatasystems.com\/wp-content\/uploads\/2021\/05\/Caracteristiques.jpg 604w, https:\/\/ndatasystems.com\/wp-content\/uploads\/2021\/05\/Caracteristiques-300x83.jpg 300w, https:\/\/ndatasystems.com\/wp-content\/uploads\/2021\/05\/Caracteristiques-600x167.jpg 600w\" sizes=\"auto, (max-width: 604px) 100vw, 604px\" \/><\/p>\n<p>&nbsp;<\/p>\n","protected":false},"featured_media":3517,"comment_status":"open","ping_status":"closed","template":"","meta":{"_joinchat":[]},"product_brand":[],"product_cat":[37],"product_tag":[],"class_list":{"0":"post-2725","1":"product","2":"type-product","3":"status-publish","4":"has-post-thumbnail","6":"product_cat-edu","7":"wcpa_has_options","9":"first","10":"outofstock","11":"taxable","12":"shipping-taxable","13":"purchasable","14":"product-type-simple"},"yoast_head":"<!-- This site is optimized with the Yoast SEO Premium plugin v14.9 - https:\/\/yoast.com\/wordpress\/plugins\/seo\/ -->\n<title>Port\u00e0til Educaci\u00f3 Acer TravelMate TMB311-33 - nData Systems<\/title>\n<meta name=\"robots\" content=\"index, follow, max-snippet:-1, max-image-preview:large, max-video-preview:-1\" \/>\n<link rel=\"canonical\" href=\"https:\/\/ndatasystems.com\/es\/tienda\/edu\/portatil-educacio-acer-travelmate-tmb311-33\/\" \/>\n<meta property=\"og:locale\" content=\"es_ES\" \/>\n<meta property=\"og:type\" content=\"article\" \/>\n<meta property=\"og:title\" content=\"Port\u00e0til Educaci\u00f3 Acer TravelMate TMB311-33 - nData Systems\" \/>\n<meta property=\"og:description\" content=\"Port\u00e0til Acer TravelMate B311-33 model recomanat per a l&#039;\u00fas educatiu.  \u00c9s molt recomanable complementar el dispositiu amb una asseguran\u00e7a de danys accidentals. Tamb\u00e9 hi podeu incloure la funda, el ratol\u00ed i uns auriculars amb micr\u00f2fon per a les videoconfer\u00e8ncies.    &nbsp;\" \/>\n<meta property=\"og:url\" content=\"https:\/\/ndatasystems.com\/es\/tienda\/edu\/portatil-educacio-acer-travelmate-tmb311-33\/\" \/>\n<meta property=\"og:site_name\" content=\"nData Systems\" \/>\n<meta property=\"article:modified_time\" content=\"2025-05-22T15:57:16+00:00\" \/>\n<meta property=\"og:image\" content=\"https:\/\/ndatasystems.com\/wp-content\/uploads\/2021\/05\/TravelMate-B3-TMB311-32-Bk-02a.png\" \/>\n\t<meta property=\"og:image:width\" content=\"1934\" \/>\n\t<meta property=\"og:image:height\" content=\"1264\" \/>\n<script type=\"application\/ld+json\" class=\"yoast-schema-graph\">{\"@context\":\"https:\/\/schema.org\",\"@graph\":[{\"@type\":\"Organization\",\"@id\":\"https:\/\/ndatasystems.com\/es\/#organization\",\"name\":\"nData Systems\",\"url\":\"https:\/\/ndatasystems.com\/es\/\",\"sameAs\":[\"https:\/\/instagram.com\/ndatasystems\",\"https:\/\/twitter.com\/ndatasys\"],\"logo\":{\"@type\":\"ImageObject\",\"@id\":\"https:\/\/ndatasystems.com\/es\/#logo\",\"inLanguage\":\"es\",\"url\":\"https:\/\/ndatasystems.com\/wp-content\/uploads\/2020\/04\/Recurso-1nDataLogoWeb.png\",\"width\":152,\"height\":81,\"caption\":\"nData Systems\"},\"image\":{\"@id\":\"https:\/\/ndatasystems.com\/es\/#logo\"}},{\"@type\":\"WebSite\",\"@id\":\"https:\/\/ndatasystems.com\/es\/#website\",\"url\":\"https:\/\/ndatasystems.com\/es\/\",\"name\":\"nData Systems\",\"description\":\"Tu mejor partner tecnol\\u00f3gico en Barcelona\",\"publisher\":{\"@id\":\"https:\/\/ndatasystems.com\/es\/#organization\"},\"potentialAction\":[{\"@type\":\"SearchAction\",\"target\":\"https:\/\/ndatasystems.com\/es\/?s={search_term_string}\",\"query-input\":\"required name=search_term_string\"}],\"inLanguage\":\"es\"},{\"@type\":\"ImageObject\",\"@id\":\"https:\/\/ndatasystems.com\/es\/tienda\/edu\/portatil-educacio-acer-travelmate-tmb311-33\/#primaryimage\",\"inLanguage\":\"es\",\"url\":\"https:\/\/ndatasystems.com\/wp-content\/uploads\/2021\/05\/TravelMate-B3-TMB311-32-Bk-02a.png\",\"width\":1934,\"height\":1264},{\"@type\":\"WebPage\",\"@id\":\"https:\/\/ndatasystems.com\/es\/tienda\/edu\/portatil-educacio-acer-travelmate-tmb311-33\/#webpage\",\"url\":\"https:\/\/ndatasystems.com\/es\/tienda\/edu\/portatil-educacio-acer-travelmate-tmb311-33\/\",\"name\":\"Port\\u00e0til Educaci\\u00f3 Acer TravelMate TMB311-33 - nData Systems\",\"isPartOf\":{\"@id\":\"https:\/\/ndatasystems.com\/es\/#website\"},\"primaryImageOfPage\":{\"@id\":\"https:\/\/ndatasystems.com\/es\/tienda\/edu\/portatil-educacio-acer-travelmate-tmb311-33\/#primaryimage\"},\"datePublished\":\"2021-05-15T18:11:53+00:00\",\"dateModified\":\"2025-05-22T15:57:16+00:00\",\"inLanguage\":\"es\",\"potentialAction\":[{\"@type\":\"ReadAction\",\"target\":[\"https:\/\/ndatasystems.com\/es\/tienda\/edu\/portatil-educacio-acer-travelmate-tmb311-33\/\"]}]}]}<\/script>\n<!-- \/ Yoast SEO Premium plugin. -->","_links":{"self":[{"href":"https:\/\/ndatasystems.com\/es\/wp-json\/wp\/v2\/product\/2725","targetHints":{"allow":["GET"]}}],"collection":[{"href":"https:\/\/ndatasystems.com\/es\/wp-json\/wp\/v2\/product"}],"about":[{"href":"https:\/\/ndatasystems.com\/es\/wp-json\/wp\/v2\/types\/product"}],"replies":[{"embeddable":true,"href":"https:\/\/ndatasystems.com\/es\/wp-json\/wp\/v2\/comments?post=2725"}],"wp:featuredmedia":[{"embeddable":true,"href":"https:\/\/ndatasystems.com\/es\/wp-json\/wp\/v2\/media\/3517"}],"wp:attachment":[{"href":"https:\/\/ndatasystems.com\/es\/wp-json\/wp\/v2\/media?parent=2725"}],"wp:term":[{"taxonomy":"product_brand","embeddable":true,"href":"https:\/\/ndatasystems.com\/es\/wp-json\/wp\/v2\/product_brand?post=2725"},{"taxonomy":"product_cat","embeddable":true,"href":"https:\/\/ndatasystems.com\/es\/wp-json\/wp\/v2\/product_cat?post=2725"},{"taxonomy":"product_tag","embeddable":true,"href":"https:\/\/ndatasystems.com\/es\/wp-json\/wp\/v2\/product_tag?post=2725"}],"curies":[{"name":"wp","href":"https:\/\/api.w.org\/{rel}","templated":true}]}}