{"id":2723,"date":"2021-05-14T12:37:08","date_gmt":"2021-05-14T10:37:08","guid":{"rendered":"https:\/\/ndatasystems.com\/?post_type=product&#038;p=2723"},"modified":"2024-08-29T09:04:18","modified_gmt":"2024-08-29T07:04:18","slug":"funda-ratoli-travelmate-b3","status":"publish","type":"product","link":"https:\/\/ndatasystems.com\/es\/tienda\/edu\/funda-ratoli-travelmate-b3\/","title":{"rendered":"Funda + Ratol\u00ed TravelMate B3"},"content":{"rendered":"<p>Pack de funda + ratol\u00ed pel port\u00e0til d&#8217;educaci\u00f3 Acer TravelMate B3<\/p>\n","protected":false},"excerpt":{"rendered":"<p>Pack de funda + ratol\u00ed pel port\u00e0til d&#8217;educaci\u00f3 Acer TravelMate B3<\/p>\n","protected":false},"featured_media":2724,"comment_status":"open","ping_status":"closed","template":"","meta":{"_joinchat":[]},"product_brand":[],"product_cat":[37],"product_tag":[],"class_list":{"0":"post-2723","1":"product","2":"type-product","3":"status-publish","4":"has-post-thumbnail","6":"product_cat-edu","8":"first","9":"instock","10":"taxable","11":"shipping-taxable","12":"purchasable","13":"product-type-simple"},"yoast_head":"<!-- This site is optimized with the Yoast SEO Premium plugin v14.9 - https:\/\/yoast.com\/wordpress\/plugins\/seo\/ -->\n<title>Funda + Ratol\u00ed TravelMate B3 - nData Systems<\/title>\n<meta name=\"robots\" content=\"index, follow, max-snippet:-1, max-image-preview:large, max-video-preview:-1\" \/>\n<link rel=\"canonical\" href=\"https:\/\/ndatasystems.com\/es\/tienda\/edu\/funda-ratoli-travelmate-b3\/\" \/>\n<meta property=\"og:locale\" content=\"es_ES\" \/>\n<meta property=\"og:type\" content=\"article\" \/>\n<meta property=\"og:title\" content=\"Funda + Ratol\u00ed TravelMate B3 - nData Systems\" \/>\n<meta property=\"og:description\" content=\"Pack de funda + ratol\u00ed pel port\u00e0til d&#8217;educaci\u00f3 Acer TravelMate B3\" \/>\n<meta property=\"og:url\" content=\"https:\/\/ndatasystems.com\/es\/tienda\/edu\/funda-ratoli-travelmate-b3\/\" \/>\n<meta property=\"og:site_name\" content=\"nData Systems\" \/>\n<meta property=\"article:modified_time\" content=\"2024-08-29T07:04:18+00:00\" \/>\n<meta property=\"og:image\" content=\"https:\/\/ndatasystems.com\/wp-content\/uploads\/2021\/05\/RatoliFunda.png\" \/>\n\t<meta property=\"og:image:width\" content=\"537\" \/>\n\t<meta property=\"og:image:height\" content=\"559\" \/>\n<script type=\"application\/ld+json\" class=\"yoast-schema-graph\">{\"@context\":\"https:\/\/schema.org\",\"@graph\":[{\"@type\":\"Organization\",\"@id\":\"https:\/\/ndatasystems.com\/es\/#organization\",\"name\":\"nData Systems\",\"url\":\"https:\/\/ndatasystems.com\/es\/\",\"sameAs\":[\"https:\/\/instagram.com\/ndatasystems\",\"https:\/\/twitter.com\/ndatasys\"],\"logo\":{\"@type\":\"ImageObject\",\"@id\":\"https:\/\/ndatasystems.com\/es\/#logo\",\"inLanguage\":\"es\",\"url\":\"https:\/\/ndatasystems.com\/wp-content\/uploads\/2020\/04\/Recurso-1nDataLogoWeb.png\",\"width\":152,\"height\":81,\"caption\":\"nData Systems\"},\"image\":{\"@id\":\"https:\/\/ndatasystems.com\/es\/#logo\"}},{\"@type\":\"WebSite\",\"@id\":\"https:\/\/ndatasystems.com\/es\/#website\",\"url\":\"https:\/\/ndatasystems.com\/es\/\",\"name\":\"nData Systems\",\"description\":\"Tu mejor partner tecnol\\u00f3gico en Barcelona\",\"publisher\":{\"@id\":\"https:\/\/ndatasystems.com\/es\/#organization\"},\"potentialAction\":[{\"@type\":\"SearchAction\",\"target\":\"https:\/\/ndatasystems.com\/es\/?s={search_term_string}\",\"query-input\":\"required name=search_term_string\"}],\"inLanguage\":\"es\"},{\"@type\":\"ImageObject\",\"@id\":\"https:\/\/ndatasystems.com\/es\/tienda\/edu\/funda-ratoli-travelmate-b3\/#primaryimage\",\"inLanguage\":\"es\",\"url\":\"https:\/\/ndatasystems.com\/wp-content\/uploads\/2021\/05\/RatoliFunda.png\",\"width\":537,\"height\":559},{\"@type\":\"WebPage\",\"@id\":\"https:\/\/ndatasystems.com\/es\/tienda\/edu\/funda-ratoli-travelmate-b3\/#webpage\",\"url\":\"https:\/\/ndatasystems.com\/es\/tienda\/edu\/funda-ratoli-travelmate-b3\/\",\"name\":\"Funda + Ratol\\u00ed TravelMate B3 - nData Systems\",\"isPartOf\":{\"@id\":\"https:\/\/ndatasystems.com\/es\/#website\"},\"primaryImageOfPage\":{\"@id\":\"https:\/\/ndatasystems.com\/es\/tienda\/edu\/funda-ratoli-travelmate-b3\/#primaryimage\"},\"datePublished\":\"2021-05-14T10:37:08+00:00\",\"dateModified\":\"2024-08-29T07:04:18+00:00\",\"inLanguage\":\"es\",\"potentialAction\":[{\"@type\":\"ReadAction\",\"target\":[\"https:\/\/ndatasystems.com\/es\/tienda\/edu\/funda-ratoli-travelmate-b3\/\"]}]}]}<\/script>\n<!-- \/ Yoast SEO Premium plugin. -->","_links":{"self":[{"href":"https:\/\/ndatasystems.com\/es\/wp-json\/wp\/v2\/product\/2723","targetHints":{"allow":["GET"]}}],"collection":[{"href":"https:\/\/ndatasystems.com\/es\/wp-json\/wp\/v2\/product"}],"about":[{"href":"https:\/\/ndatasystems.com\/es\/wp-json\/wp\/v2\/types\/product"}],"replies":[{"embeddable":true,"href":"https:\/\/ndatasystems.com\/es\/wp-json\/wp\/v2\/comments?post=2723"}],"wp:featuredmedia":[{"embeddable":true,"href":"https:\/\/ndatasystems.com\/es\/wp-json\/wp\/v2\/media\/2724"}],"wp:attachment":[{"href":"https:\/\/ndatasystems.com\/es\/wp-json\/wp\/v2\/media?parent=2723"}],"wp:term":[{"taxonomy":"product_brand","embeddable":true,"href":"https:\/\/ndatasystems.com\/es\/wp-json\/wp\/v2\/product_brand?post=2723"},{"taxonomy":"product_cat","embeddable":true,"href":"https:\/\/ndatasystems.com\/es\/wp-json\/wp\/v2\/product_cat?post=2723"},{"taxonomy":"product_tag","embeddable":true,"href":"https:\/\/ndatasystems.com\/es\/wp-json\/wp\/v2\/product_tag?post=2723"}],"curies":[{"name":"wp","href":"https:\/\/api.w.org\/{rel}","templated":true}]}}